{"id":6303,"date":"2024-06-09T13:26:37","date_gmt":"2024-06-09T16:26:37","guid":{"rendered":"https:\/\/farmaciadagostino.com.ar\/sitio\/producto\/ensure-sumplemento-dietario-vainilla-polvo-x400-gr\/"},"modified":"2026-03-09T10:25:23","modified_gmt":"2026-03-09T13:25:23","slug":"ensure-sumplemento-dietario-vainilla-polvo-x400-gr","status":"publish","type":"product","link":"https:\/\/farmaciadagostino.com.ar\/sitio\/producto\/ensure-sumplemento-dietario-vainilla-polvo-x400-gr\/","title":{"rendered":"ENSURE SUMPLEMENTO DIETARIO VAINILLA POLVO x400 gr"},"content":{"rendered":"<p>Alimento en polvo que al mezclarse con agua proporciona una nutrici\u00f3n completa y balanceada que puede emplearse como \u00fanico alimento, como suplemento alimenticio, para aumentar las calor\u00edas y elementos nutritivos ingeridos o para mantener una buena alimentaci\u00f3n.<br \/>\nEst\u00e1n formulados para complementar la ingesta nutricional diaria.<br \/>\nNo son de uso parenteral (no debe ser tomado de una manera que no sea a trav\u00e9s del conducto digestivo).<br \/>\nNo est\u00e1n formulados para los ni\u00f1os, por lo que no deben tomarlos a menos que se recomiende por un m\u00e9dico o profesional de la salud.<br \/>\nNo contienen lactosa y pueden utilizarse con dietas bajas en colesterol y restrictivas en sodio.<br \/>\nNutrici\u00f3n equilibrada<br \/>\nCantidades balanceadas de prote\u00ednas, hidratos de carbono y grasas, as\u00ed como de las vitaminas y minerales esenciales<br \/>\n8,6 gramos de prote\u00edna por porci\u00f3n de 230 ml provenientes de fuentes proteicas de alta calidad<br \/>\n24 vitaminas esenciales, minerales y oligoelementos<br \/>\nEnriquecido con Calcio y vitamina D<br \/>\nAntioxidantes (vitaminas C y E, betacaroteno y selenio)<br \/>\nUna mezcla saludable de grasa de c\u00e1rtamo alto oleico\/aceite de girasol, aceite de canola y aceite de ma\u00edz<br \/>\nBaja en grasa saturada, colesterol bajo y sin grasas trans<br \/>\nSin lactosa<br \/>\nSin gluten<br \/>\nModo de uso:<br \/>\nPara obtener una porci\u00f3n de 230 mL, vierta aproximadamente 195 mL de agua fr\u00eda en un recipiente y a\u00f1ada gradualmente 6 cucharadas al ras (cuchara incluida en la lata) o 53,8g de Ensure\u00ae Base Vainilla. Revuelva o agite bien para disolver el polvo. Si se mezcla como se indica, Ensure\u00ae Base Vainilla proporciona 1,0 Kcal\/mL aproximadamente. Una lata de 400 g rinde aproximadamente 7 porciones de 230 mL. Se recomiendan dos porciones diarias.<\/p>\n","protected":false},"excerpt":{"rendered":"<p>Un vaso de Ensure\u00ae te proporciona: 28 vitaminas y minerales esenciales, calcio y antioxidantes, vitamina D, omega-3 y es una fuente de fibras.<\/p>\n","protected":false},"featured_media":3107,"comment_status":"open","ping_status":"closed","template":"","meta":[],"product_brand":[],"product_cat":[149],"product_tag":[],"class_list":{"0":"post-6303","1":"product","2":"type-product","3":"status-publish","4":"has-post-thumbnail","6":"product_cat-farmacia","8":"first","9":"instock","10":"shipping-taxable","11":"purchasable","12":"product-type-simple"},"_links":{"self":[{"href":"https:\/\/farmaciadagostino.com.ar\/sitio\/wp-json\/wp\/v2\/product\/6303","targetHints":{"allow":["GET"]}}],"collection":[{"href":"https:\/\/farmaciadagostino.com.ar\/sitio\/wp-json\/wp\/v2\/product"}],"about":[{"href":"https:\/\/farmaciadagostino.com.ar\/sitio\/wp-json\/wp\/v2\/types\/product"}],"replies":[{"embeddable":true,"href":"https:\/\/farmaciadagostino.com.ar\/sitio\/wp-json\/wp\/v2\/comments?post=6303"}],"wp:featuredmedia":[{"embeddable":true,"href":"https:\/\/farmaciadagostino.com.ar\/sitio\/wp-json\/wp\/v2\/media\/3107"}],"wp:attachment":[{"href":"https:\/\/farmaciadagostino.com.ar\/sitio\/wp-json\/wp\/v2\/media?parent=6303"}],"wp:term":[{"taxonomy":"product_brand","embeddable":true,"href":"https:\/\/farmaciadagostino.com.ar\/sitio\/wp-json\/wp\/v2\/product_brand?post=6303"},{"taxonomy":"product_cat","embeddable":true,"href":"https:\/\/farmaciadagostino.com.ar\/sitio\/wp-json\/wp\/v2\/product_cat?post=6303"},{"taxonomy":"product_tag","embeddable":true,"href":"https:\/\/farmaciadagostino.com.ar\/sitio\/wp-json\/wp\/v2\/product_tag?post=6303"}],"curies":[{"name":"wp","href":"https:\/\/api.w.org\/{rel}","templated":true}]}}