{"id":6304,"date":"2024-06-09T13:26:37","date_gmt":"2024-06-09T16:26:37","guid":{"rendered":"https:\/\/farmaciadagostino.com.ar\/sitio\/producto\/viasek-espuma-ph3-5-x75-ml\/"},"modified":"2026-03-09T10:09:59","modified_gmt":"2026-03-09T13:09:59","slug":"viasek-espuma-ph3-5-x75-ml","status":"publish","type":"product","link":"https:\/\/farmaciadagostino.com.ar\/sitio\/producto\/viasek-espuma-ph3-5-x75-ml\/","title":{"rendered":"VIASEK ESPUMA PH3.5 x75 ml"},"content":{"rendered":"<p>Est\u00e1 indicada para casos de sequedad de los genitales externos.<br \/>\n\u00bfPor qu\u00e9 usar Espuma ?<br \/>\n\u2013 Higiene Suave y Delicada.<br \/>\n\u2013 Respeta el pH vaginal.<br \/>\n\u2013 Mantiene el equilibrio de la Flora Vaginal.<br \/>\n\u2013 Protege las Defensas Naturales de las Infecciones.<br \/>\n\u2013 Posee un pH fisiol\u00f3gico que se adapta a cada edad biol\u00f3gica de la mujer.<br \/>\n\u2013 Provee alivio a los s\u00edntomas de la Sequedad Vaginal.<br \/>\n\u2013 Proporciona y favorece la hidrataci\u00f3n natural gracias a su exclusivo \u00c1cido Hialur\u00f3nico que permite retenci\u00f3n de agua.<\/p>\n","protected":false},"excerpt":{"rendered":"<p>Es una Espuma de Higiene \u00edntima suave adecuada para la higiene diaria femenina, con propiedades protectoras e hidratantes.<\/p>\n","protected":false},"featured_media":4112,"comment_status":"open","ping_status":"closed","template":"","meta":[],"product_brand":[],"product_cat":[239],"product_tag":[],"class_list":{"0":"post-6304","1":"product","2":"type-product","3":"status-publish","4":"has-post-thumbnail","6":"product_cat-intimo","8":"first","9":"instock","10":"shipping-taxable","11":"purchasable","12":"product-type-simple"},"_links":{"self":[{"href":"https:\/\/farmaciadagostino.com.ar\/sitio\/wp-json\/wp\/v2\/product\/6304","targetHints":{"allow":["GET"]}}],"collection":[{"href":"https:\/\/farmaciadagostino.com.ar\/sitio\/wp-json\/wp\/v2\/product"}],"about":[{"href":"https:\/\/farmaciadagostino.com.ar\/sitio\/wp-json\/wp\/v2\/types\/product"}],"replies":[{"embeddable":true,"href":"https:\/\/farmaciadagostino.com.ar\/sitio\/wp-json\/wp\/v2\/comments?post=6304"}],"wp:featuredmedia":[{"embeddable":true,"href":"https:\/\/farmaciadagostino.com.ar\/sitio\/wp-json\/wp\/v2\/media\/4112"}],"wp:attachment":[{"href":"https:\/\/farmaciadagostino.com.ar\/sitio\/wp-json\/wp\/v2\/media?parent=6304"}],"wp:term":[{"taxonomy":"product_brand","embeddable":true,"href":"https:\/\/farmaciadagostino.com.ar\/sitio\/wp-json\/wp\/v2\/product_brand?post=6304"},{"taxonomy":"product_cat","embeddable":true,"href":"https:\/\/farmaciadagostino.com.ar\/sitio\/wp-json\/wp\/v2\/product_cat?post=6304"},{"taxonomy":"product_tag","embeddable":true,"href":"https:\/\/farmaciadagostino.com.ar\/sitio\/wp-json\/wp\/v2\/product_tag?post=6304"}],"curies":[{"name":"wp","href":"https:\/\/api.w.org\/{rel}","templated":true}]}}