{"id":6329,"date":"2024-06-09T13:26:44","date_gmt":"2024-06-09T16:26:44","guid":{"rendered":"https:\/\/farmaciadagostino.com.ar\/sitio\/producto\/dermaglos-serum-facial-acido-hialuronico-x30-ml\/"},"modified":"2026-03-09T10:25:23","modified_gmt":"2026-03-09T13:25:23","slug":"dermaglos-serum-facial-acido-hialuronico-x30-ml","status":"publish","type":"product","link":"https:\/\/farmaciadagostino.com.ar\/sitio\/producto\/dermaglos-serum-facial-acido-hialuronico-x30-ml\/","title":{"rendered":"Dermaglos Serum Facial \u00c1cido Hialur\u00f3nico 30 ml"},"content":{"rendered":"<p>El Serum Dermagl\u00f3s con \u00c1cido Hialur\u00f3nico hidrata en profundidad, reafirma y suaviza arrugas. Formulado con Doble \u00c1cido Hialur\u00f3nico (de alto peso molecular: hidrata y preserva la elasticidad y el tono de la piel &#8211; mini de bajo peso molecular: mejora la apariencia de las arrugas finas) y con Provitamina B5 que estimula la producci\u00f3n de col\u00e1geno y elastina. De textura liviana y r\u00e1pida absorci\u00f3n. Indicado para todo tipo de piel.<\/p>\n<h5>Modo de Uso:<\/h5>\n<p>Aplicar una peque\u00f1a cantidad sobre la punta de los dedos y distribuir sobre la piel limpia y seca del rostro, cuello y escote con movimientos suaves ascendentes desde el centro hacia afuera. Usar por la ma\u00f1ana y por la noche.<\/p><\/p>\n","protected":false},"excerpt":{"rendered":"<p>El Serum Dermagl\u00f3s con \u00c1cido Hialur\u00f3nico hidrata en profundidad, reafirma y suaviza arrugas<\/p>\n","protected":false},"featured_media":3664,"comment_status":"open","ping_status":"closed","template":"","meta":[],"product_brand":[],"product_cat":[237,262,162,264],"product_tag":[],"class_list":{"0":"post-6329","1":"product","2":"type-product","3":"status-publish","4":"has-post-thumbnail","6":"product_cat-belleza","7":"product_cat-promo","8":"product_cat-dermocosmetica","9":"product_cat-ofertas","11":"first","12":"instock","13":"sale","14":"shipping-taxable","15":"purchasable","16":"product-type-simple"},"_links":{"self":[{"href":"https:\/\/farmaciadagostino.com.ar\/sitio\/wp-json\/wp\/v2\/product\/6329","targetHints":{"allow":["GET"]}}],"collection":[{"href":"https:\/\/farmaciadagostino.com.ar\/sitio\/wp-json\/wp\/v2\/product"}],"about":[{"href":"https:\/\/farmaciadagostino.com.ar\/sitio\/wp-json\/wp\/v2\/types\/product"}],"replies":[{"embeddable":true,"href":"https:\/\/farmaciadagostino.com.ar\/sitio\/wp-json\/wp\/v2\/comments?post=6329"}],"wp:featuredmedia":[{"embeddable":true,"href":"https:\/\/farmaciadagostino.com.ar\/sitio\/wp-json\/wp\/v2\/media\/3664"}],"wp:attachment":[{"href":"https:\/\/farmaciadagostino.com.ar\/sitio\/wp-json\/wp\/v2\/media?parent=6329"}],"wp:term":[{"taxonomy":"product_brand","embeddable":true,"href":"https:\/\/farmaciadagostino.com.ar\/sitio\/wp-json\/wp\/v2\/product_brand?post=6329"},{"taxonomy":"product_cat","embeddable":true,"href":"https:\/\/farmaciadagostino.com.ar\/sitio\/wp-json\/wp\/v2\/product_cat?post=6329"},{"taxonomy":"product_tag","embeddable":true,"href":"https:\/\/farmaciadagostino.com.ar\/sitio\/wp-json\/wp\/v2\/product_tag?post=6329"}],"curies":[{"name":"wp","href":"https:\/\/api.w.org\/{rel}","templated":true}]}}