{"id":6390,"date":"2024-06-09T13:26:57","date_gmt":"2024-06-09T16:26:57","guid":{"rendered":"https:\/\/farmaciadagostino.com.ar\/sitio\/producto\/colgate-cepillo-dental-smile-minios-x2-un\/"},"modified":"2026-03-09T10:10:01","modified_gmt":"2026-03-09T13:10:01","slug":"colgate-cepillo-dental-smile-minios-x2-un","status":"publish","type":"product","link":"https:\/\/farmaciadagostino.com.ar\/sitio\/producto\/colgate-cepillo-dental-smile-minios-x2-un\/","title":{"rendered":"Colgate Cepillo Dental Smiles Minions 6+ A\u00f1os 2 Unidades Promo Precio Especial"},"content":{"rendered":"<h5>Descripci\u00f3n<\/h5>\n<p>Recomendado para ni\u00f1os mayores de 6 a\u00f1os.<\/p>\n<h5>Beneficios:<\/h5>\n<p>&#8211; Colgate Smiles cuenta con cerdas de diferentes alturas para limpiar profundamente los dientes grandes y peque\u00f1os, y puntas en relieve para limpiar los dientes posteriores dif\u00edciles de alcanzara.<\/p>\n<p>&#8211; Tambi\u00e9n posee una base de succi\u00f3n divertida para poner de pie.<\/p>\n<h5>Modo de uso:<\/h5>\n<p>Cep\u00edllese adecuadamente los dientes despu\u00e9s de cada comida, tres veces al d\u00eda o seg\u00fan la recomendaci\u00f3n de su odont\u00f3logo. Enjuagar completamente despu\u00e9s del cepillado.<\/p>\n<h5>Precauciones:<\/h5>\n<p> No adecuado para ni\u00f1os menores de 3 a\u00f1os. Ni\u00f1os menores de 4 a\u00f1os deben tener la supervisi\u00f3n de un adulto. No morder o masticar. S\u00f3lo para cepillar los dientes. No usar como juguete. Producto no perecedero. No usar si el empaque est\u00e1 abierto.<\/p>\n<p>Los odont\u00f3logos e higienistas recomiendan cambiar el cepillo de dientes cada 3 meses.<\/p>\n","protected":false},"excerpt":{"rendered":"<p>Descripci\u00f3nRecomendado para ni\u00f1os mayores de 6 a\u00f1os<\/p>\n","protected":false},"featured_media":3157,"comment_status":"open","ping_status":"closed","template":"","meta":[],"product_brand":[],"product_cat":[262,152,264],"product_tag":[],"class_list":{"0":"post-6390","1":"product","2":"type-product","3":"status-publish","4":"has-post-thumbnail","6":"product_cat-promo","7":"product_cat-cuidado-personal","8":"product_cat-ofertas","10":"first","11":"instock","12":"shipping-taxable","13":"purchasable","14":"product-type-simple"},"_links":{"self":[{"href":"https:\/\/farmaciadagostino.com.ar\/sitio\/wp-json\/wp\/v2\/product\/6390","targetHints":{"allow":["GET"]}}],"collection":[{"href":"https:\/\/farmaciadagostino.com.ar\/sitio\/wp-json\/wp\/v2\/product"}],"about":[{"href":"https:\/\/farmaciadagostino.com.ar\/sitio\/wp-json\/wp\/v2\/types\/product"}],"replies":[{"embeddable":true,"href":"https:\/\/farmaciadagostino.com.ar\/sitio\/wp-json\/wp\/v2\/comments?post=6390"}],"wp:featuredmedia":[{"embeddable":true,"href":"https:\/\/farmaciadagostino.com.ar\/sitio\/wp-json\/wp\/v2\/media\/3157"}],"wp:attachment":[{"href":"https:\/\/farmaciadagostino.com.ar\/sitio\/wp-json\/wp\/v2\/media?parent=6390"}],"wp:term":[{"taxonomy":"product_brand","embeddable":true,"href":"https:\/\/farmaciadagostino.com.ar\/sitio\/wp-json\/wp\/v2\/product_brand?post=6390"},{"taxonomy":"product_cat","embeddable":true,"href":"https:\/\/farmaciadagostino.com.ar\/sitio\/wp-json\/wp\/v2\/product_cat?post=6390"},{"taxonomy":"product_tag","embeddable":true,"href":"https:\/\/farmaciadagostino.com.ar\/sitio\/wp-json\/wp\/v2\/product_tag?post=6390"}],"curies":[{"name":"wp","href":"https:\/\/api.w.org\/{rel}","templated":true}]}}