{"id":6391,"date":"2024-06-09T13:26:58","date_gmt":"2024-06-09T16:26:58","guid":{"rendered":"https:\/\/farmaciadagostino.com.ar\/sitio\/producto\/colgate-cepillo-dental-extra-soft-periogard-x1-un\/"},"modified":"2026-03-09T10:18:11","modified_gmt":"2026-03-09T13:18:11","slug":"colgate-cepillo-dental-extra-soft-periogard-x1-un","status":"publish","type":"product","link":"https:\/\/farmaciadagostino.com.ar\/sitio\/producto\/colgate-cepillo-dental-extra-soft-periogard-x1-un\/","title":{"rendered":"Colgate Cepillo Dental Periogard Extra Soft (1 U)"},"content":{"rendered":"<h5>Descripci\u00f3n<\/h5>\n<p>Limpieza suave y profunda.<\/p>\n<h5>Beneficios:<\/h5>\n<p>&#8211; Contiene cerdas Periosoft: extra suaves con puntas micro-finas para una limpieza suave y profunda.<\/p>\n<p>&#8211; Sus cerdas est\u00e1n dise\u00f1adas para quitar suavemente la placa de enc\u00edas delicadas.<\/p>\n<p>&#8211; Contiene cabeza de goma y mango ergon\u00f3mico.<\/p>\n<p>&#8211; Desarrollado en colaboraci\u00f3n con expertos. Probado cient\u00edficamente. Hecho en Suiza.<\/p>\n<h5>Modo de uso:<\/h5>\n<p> Cep\u00edllese adecuadamente los dientes despu\u00e9s de cada comida, tres veces al d\u00eda o seg\u00fan la recomendaci\u00f3n de su odont\u00f3logo. Enjuagar completamente despu\u00e9s del cepillado.<\/p>\n<h5>Precauciones:<\/h5>\n<p>Mantener fuera del alcance de los ni\u00f1os menores de 3 a\u00f1os. Producto no perecedero. No usar si el empaque est\u00e1 abierto.<\/p>\n<p>Los odont\u00f3logos e higienistas recomiendan cambiar el cepillo de dientes cada 3 meses.<\/p>\n","protected":false},"excerpt":{"rendered":"<p>Descripci\u00f3nLimpieza suave y profunda<\/p>\n","protected":false},"featured_media":4412,"comment_status":"open","ping_status":"closed","template":"","meta":[],"product_brand":[],"product_cat":[152],"product_tag":[],"class_list":{"0":"post-6391","1":"product","2":"type-product","3":"status-publish","4":"has-post-thumbnail","6":"product_cat-cuidado-personal","8":"first","9":"instock","10":"shipping-taxable","11":"purchasable","12":"product-type-simple"},"_links":{"self":[{"href":"https:\/\/farmaciadagostino.com.ar\/sitio\/wp-json\/wp\/v2\/product\/6391","targetHints":{"allow":["GET"]}}],"collection":[{"href":"https:\/\/farmaciadagostino.com.ar\/sitio\/wp-json\/wp\/v2\/product"}],"about":[{"href":"https:\/\/farmaciadagostino.com.ar\/sitio\/wp-json\/wp\/v2\/types\/product"}],"replies":[{"embeddable":true,"href":"https:\/\/farmaciadagostino.com.ar\/sitio\/wp-json\/wp\/v2\/comments?post=6391"}],"wp:featuredmedia":[{"embeddable":true,"href":"https:\/\/farmaciadagostino.com.ar\/sitio\/wp-json\/wp\/v2\/media\/4412"}],"wp:attachment":[{"href":"https:\/\/farmaciadagostino.com.ar\/sitio\/wp-json\/wp\/v2\/media?parent=6391"}],"wp:term":[{"taxonomy":"product_brand","embeddable":true,"href":"https:\/\/farmaciadagostino.com.ar\/sitio\/wp-json\/wp\/v2\/product_brand?post=6391"},{"taxonomy":"product_cat","embeddable":true,"href":"https:\/\/farmaciadagostino.com.ar\/sitio\/wp-json\/wp\/v2\/product_cat?post=6391"},{"taxonomy":"product_tag","embeddable":true,"href":"https:\/\/farmaciadagostino.com.ar\/sitio\/wp-json\/wp\/v2\/product_tag?post=6391"}],"curies":[{"name":"wp","href":"https:\/\/api.w.org\/{rel}","templated":true}]}}