{"id":6392,"date":"2024-06-09T13:26:58","date_gmt":"2024-06-09T16:26:58","guid":{"rendered":"https:\/\/farmaciadagostino.com.ar\/sitio\/producto\/colgate-pasta-dental-periogard-x90-gr\/"},"modified":"2026-03-09T10:25:25","modified_gmt":"2026-03-09T13:25:25","slug":"colgate-pasta-dental-periogard-x90-gr","status":"publish","type":"product","link":"https:\/\/farmaciadagostino.com.ar\/sitio\/producto\/colgate-pasta-dental-periogard-x90-gr\/","title":{"rendered":"COLGATE PASTA DENTAL PERIOGARD x90 gr"},"content":{"rendered":"<p>-F\u00f3rmula especializada que ayuda a prevenir gingivitis, placa bacteriana y mal aliento.<br \/>\n-F\u00f3rmula inteligente con acci\u00f3n antibacteriana, que con el uso regular ayuda a proteger contra el enrojecimiento de enc\u00edas*, caries, placa dentobacteriana y sarro.<br \/>\n*Causado por bacterias.<br \/>\nModo Uso.<br \/>\nCep\u00edllese adecuadamente los dientes despu\u00e9s de cada comida, tres veces al d\u00eda por dos minutos. Enjuagar completamente despu\u00e9s de cada cepillado<\/p>\n","protected":false},"excerpt":{"rendered":"<p>Cuidado de enc\u00edas especializado que ayuda a alcanzar una sonrisa saludable y hermosa.<\/p>\n","protected":false},"featured_media":3606,"comment_status":"open","ping_status":"closed","template":"","meta":[],"product_brand":[],"product_cat":[152],"product_tag":[],"class_list":{"0":"post-6392","1":"product","2":"type-product","3":"status-publish","4":"has-post-thumbnail","6":"product_cat-cuidado-personal","8":"first","9":"instock","10":"shipping-taxable","11":"purchasable","12":"product-type-simple"},"_links":{"self":[{"href":"https:\/\/farmaciadagostino.com.ar\/sitio\/wp-json\/wp\/v2\/product\/6392","targetHints":{"allow":["GET"]}}],"collection":[{"href":"https:\/\/farmaciadagostino.com.ar\/sitio\/wp-json\/wp\/v2\/product"}],"about":[{"href":"https:\/\/farmaciadagostino.com.ar\/sitio\/wp-json\/wp\/v2\/types\/product"}],"replies":[{"embeddable":true,"href":"https:\/\/farmaciadagostino.com.ar\/sitio\/wp-json\/wp\/v2\/comments?post=6392"}],"wp:featuredmedia":[{"embeddable":true,"href":"https:\/\/farmaciadagostino.com.ar\/sitio\/wp-json\/wp\/v2\/media\/3606"}],"wp:attachment":[{"href":"https:\/\/farmaciadagostino.com.ar\/sitio\/wp-json\/wp\/v2\/media?parent=6392"}],"wp:term":[{"taxonomy":"product_brand","embeddable":true,"href":"https:\/\/farmaciadagostino.com.ar\/sitio\/wp-json\/wp\/v2\/product_brand?post=6392"},{"taxonomy":"product_cat","embeddable":true,"href":"https:\/\/farmaciadagostino.com.ar\/sitio\/wp-json\/wp\/v2\/product_cat?post=6392"},{"taxonomy":"product_tag","embeddable":true,"href":"https:\/\/farmaciadagostino.com.ar\/sitio\/wp-json\/wp\/v2\/product_tag?post=6392"}],"curies":[{"name":"wp","href":"https:\/\/api.w.org\/{rel}","templated":true}]}}