{"id":6402,"date":"2024-06-09T13:26:59","date_gmt":"2024-06-09T16:26:59","guid":{"rendered":"https:\/\/farmaciadagostino.com.ar\/sitio\/producto\/rexona-talco-efficient-fresh-x100-gr\/"},"modified":"2026-03-09T10:18:11","modified_gmt":"2026-03-09T13:18:11","slug":"rexona-talco-efficient-fresh-x100-gr","status":"publish","type":"product","link":"https:\/\/farmaciadagostino.com.ar\/sitio\/producto\/rexona-talco-efficient-fresh-x100-gr\/","title":{"rendered":"REXONA TALCO EFFICIENT FRESH x100 gr"},"content":{"rendered":"<p>Su nueva f\u00f3rmula que permite tener 48 hs de protecci\u00f3n y triple acci\u00f3n contra el mal olor: 1) Combate el mal olor; 2) Tecnolog\u00eda Absorbente y 3) Fragancia de larga duraci\u00f3n. Aplica los talcos diariamente a tus pies limpios y secos antes de ponerte los calcetines y los zapatos, tus pies van a permanecer secos y sin olor durante todo el d\u00eda.<br \/>\nInstrucciones de Uso: Aplique directamente sobre los pies y en el interior del calzado.<\/p>\n","protected":false},"excerpt":{"rendered":"<p>Est\u00e1 especialmente formulado para detener el sudor y el olor producido por los pies mientras que elimina el 99,9% de bacterias.<\/p>\n","protected":false},"featured_media":3390,"comment_status":"open","ping_status":"closed","template":"","meta":[],"product_brand":[],"product_cat":[152],"product_tag":[],"class_list":{"0":"post-6402","1":"product","2":"type-product","3":"status-publish","4":"has-post-thumbnail","6":"product_cat-cuidado-personal","8":"first","9":"instock","10":"shipping-taxable","11":"purchasable","12":"product-type-simple"},"_links":{"self":[{"href":"https:\/\/farmaciadagostino.com.ar\/sitio\/wp-json\/wp\/v2\/product\/6402","targetHints":{"allow":["GET"]}}],"collection":[{"href":"https:\/\/farmaciadagostino.com.ar\/sitio\/wp-json\/wp\/v2\/product"}],"about":[{"href":"https:\/\/farmaciadagostino.com.ar\/sitio\/wp-json\/wp\/v2\/types\/product"}],"replies":[{"embeddable":true,"href":"https:\/\/farmaciadagostino.com.ar\/sitio\/wp-json\/wp\/v2\/comments?post=6402"}],"wp:featuredmedia":[{"embeddable":true,"href":"https:\/\/farmaciadagostino.com.ar\/sitio\/wp-json\/wp\/v2\/media\/3390"}],"wp:attachment":[{"href":"https:\/\/farmaciadagostino.com.ar\/sitio\/wp-json\/wp\/v2\/media?parent=6402"}],"wp:term":[{"taxonomy":"product_brand","embeddable":true,"href":"https:\/\/farmaciadagostino.com.ar\/sitio\/wp-json\/wp\/v2\/product_brand?post=6402"},{"taxonomy":"product_cat","embeddable":true,"href":"https:\/\/farmaciadagostino.com.ar\/sitio\/wp-json\/wp\/v2\/product_cat?post=6402"},{"taxonomy":"product_tag","embeddable":true,"href":"https:\/\/farmaciadagostino.com.ar\/sitio\/wp-json\/wp\/v2\/product_tag?post=6402"}],"curies":[{"name":"wp","href":"https:\/\/api.w.org\/{rel}","templated":true}]}}