{"id":6411,"date":"2024-06-09T13:27:00","date_gmt":"2024-06-09T16:27:00","guid":{"rendered":"https:\/\/farmaciadagostino.com.ar\/sitio\/producto\/dermaglos-protector-solar-ninos-fps50-x180-gr\/"},"modified":"2026-03-09T10:18:11","modified_gmt":"2026-03-09T13:18:11","slug":"dermaglos-protector-solar-ninos-fps50-x180-gr","status":"publish","type":"product","link":"https:\/\/farmaciadagostino.com.ar\/sitio\/producto\/dermaglos-protector-solar-ninos-fps50-x180-gr\/","title":{"rendered":"Dermaglos Protector Solar Fps 50 Ni\u00f1os Emulsion 180 ml"},"content":{"rendered":"<p>Protector solar especialmente indicado para hidratar y nutrir la piel muy sensible de los ni\u00f1os, protege de las quemaduras producida por los rayos solares UVA\/UVB. Resistente al agua hipoalerg\u00e9nico. Recomendado a partir de los 3 a\u00f1os.<\/p>\n<p>Sin perfume, no irritante. Recomendado a partir de los 3 a\u00f1os.<br \/>\nLibre de gluten, apto para cel\u00edacos (Estudio de Determinaci\u00f3n de Gliadinas).<\/p>\n<h5>Modo de uso:<\/h5>\n<p>Aplicar abundantemente en el rostro y en el cuerpo 30 (treinta) minutos antes de la exposici\u00f3n al sol. Reaplicar cada 2 horas y luego de sudoraci\u00f3n intensa, nadar o ba\u00f1arse y\/o secarse con toalla. Uso externo.\n<\/p>\n<p>Antes de su primer uso, se sugiere aplicar una peque\u00f1a cantidad en el antebrazo, para comprobar que el producto es apropiado para su piel.<\/p>\n","protected":false},"excerpt":{"rendered":"<p>Protector solar especialmente indicado para hidratar y nutrir la piel muy sensible de los ni\u00f1os, protege de las quemaduras producida por los rayos solares UVA\/UVB<\/p>\n","protected":false},"featured_media":3635,"comment_status":"open","ping_status":"closed","template":"","meta":[],"product_brand":[],"product_cat":[237,262,272,162,264],"product_tag":[],"class_list":{"0":"post-6411","1":"product","2":"type-product","3":"status-publish","4":"has-post-thumbnail","6":"product_cat-belleza","7":"product_cat-promo","8":"product_cat-dermaglos-promo","9":"product_cat-dermocosmetica","10":"product_cat-ofertas","12":"first","13":"instock","14":"sale","15":"shipping-taxable","16":"purchasable","17":"product-type-simple"},"_links":{"self":[{"href":"https:\/\/farmaciadagostino.com.ar\/sitio\/wp-json\/wp\/v2\/product\/6411","targetHints":{"allow":["GET"]}}],"collection":[{"href":"https:\/\/farmaciadagostino.com.ar\/sitio\/wp-json\/wp\/v2\/product"}],"about":[{"href":"https:\/\/farmaciadagostino.com.ar\/sitio\/wp-json\/wp\/v2\/types\/product"}],"replies":[{"embeddable":true,"href":"https:\/\/farmaciadagostino.com.ar\/sitio\/wp-json\/wp\/v2\/comments?post=6411"}],"wp:featuredmedia":[{"embeddable":true,"href":"https:\/\/farmaciadagostino.com.ar\/sitio\/wp-json\/wp\/v2\/media\/3635"}],"wp:attachment":[{"href":"https:\/\/farmaciadagostino.com.ar\/sitio\/wp-json\/wp\/v2\/media?parent=6411"}],"wp:term":[{"taxonomy":"product_brand","embeddable":true,"href":"https:\/\/farmaciadagostino.com.ar\/sitio\/wp-json\/wp\/v2\/product_brand?post=6411"},{"taxonomy":"product_cat","embeddable":true,"href":"https:\/\/farmaciadagostino.com.ar\/sitio\/wp-json\/wp\/v2\/product_cat?post=6411"},{"taxonomy":"product_tag","embeddable":true,"href":"https:\/\/farmaciadagostino.com.ar\/sitio\/wp-json\/wp\/v2\/product_tag?post=6411"}],"curies":[{"name":"wp","href":"https:\/\/api.w.org\/{rel}","templated":true}]}}