{"id":6505,"date":"2024-06-09T13:27:21","date_gmt":"2024-06-09T16:27:21","guid":{"rendered":"https:\/\/farmaciadagostino.com.ar\/sitio\/producto\/la-roche-posay-anthelios-age-correct-fps-50-x50-ml\/"},"modified":"2026-03-09T10:25:25","modified_gmt":"2026-03-09T13:25:25","slug":"la-roche-posay-anthelios-age-correct-fps-50-x50-ml","status":"publish","type":"product","link":"https:\/\/farmaciadagostino.com.ar\/sitio\/producto\/la-roche-posay-anthelios-age-correct-fps-50-x50-ml\/","title":{"rendered":"La Roche Posay Anthelios Age Correct F50 50 ml"},"content":{"rendered":"<h5>Descripci\u00f3n: <\/h5>\n<p>Nuevo Anthelios Age Correct FPS 50. La nueva generaci\u00f3n de protecci\u00f3n solar diaria antiedad que protege y corrige los signos del envejecimiento y manchas en 4 semanas. Con Protecci\u00f3n de Amplio Espectro y activos correctivos dermatol\u00f3gicos potenciados por \u00c1cido Hialur\u00f3nico, Niacinamida, LHA y Phe-Resorcinol. <\/p>\n<h5>Beneficios:<\/h5>\n<p>1- Corrige: Eficacia antienvejecimiento y antimanchas con activos correctivos dermatol\u00f3gicos [\u00c1cido Hialur\u00f3nico Fragmentado + LHA + Phe-Resorcinol + Niacinamida]. Brinda Hidrataci\u00f3n por 24H. \n<\/p>\n<p>2- Crema ultraligera que brinda hidrataci\u00f3n por 24h. \n<\/p>\n<p>3- Acabado no graso, de r\u00e1pida absorci\u00f3n y no deja marcas blancas. <\/p>\n<h5>Modo de Uso: <\/h5>\n<p>Aplicar uniformemente en todo el rostro todas las ma\u00f1anas como \u00faltimo paso de tu rutina de cuidado de la piel y antes del maquillaje. <\/p>\n<p>Composici\u00f3n: <\/p>\n<p>Protege: Desarrollado con nueva tecnolog\u00eda CELLOX-B3 y Mexoryl XL, dise\u00f1ado para limitar el da\u00f1o cut\u00e1neo inducido por los rayos UVA, UVB, IR-A y poluci\u00f3n. <\/p>\n<p>Tipo de Piel: <\/p>\n<p>Pieles normales a mixtas, apto para piel sensible. <\/p>\n<p>Zona de aplicaci\u00f3n: <\/p>\n<p>Rostro<\/p>\n","protected":false},"excerpt":{"rendered":"<p>Descripci\u00f3n:<br \/>\nNuevo Anthelios Age Correct FPS 50<\/p>\n","protected":false},"featured_media":2893,"comment_status":"open","ping_status":"closed","template":"","meta":[],"product_brand":[],"product_cat":[237,162],"product_tag":[],"class_list":{"0":"post-6505","1":"product","2":"type-product","3":"status-publish","4":"has-post-thumbnail","6":"product_cat-belleza","7":"product_cat-dermocosmetica","9":"first","10":"instock","11":"shipping-taxable","12":"purchasable","13":"product-type-simple"},"_links":{"self":[{"href":"https:\/\/farmaciadagostino.com.ar\/sitio\/wp-json\/wp\/v2\/product\/6505","targetHints":{"allow":["GET"]}}],"collection":[{"href":"https:\/\/farmaciadagostino.com.ar\/sitio\/wp-json\/wp\/v2\/product"}],"about":[{"href":"https:\/\/farmaciadagostino.com.ar\/sitio\/wp-json\/wp\/v2\/types\/product"}],"replies":[{"embeddable":true,"href":"https:\/\/farmaciadagostino.com.ar\/sitio\/wp-json\/wp\/v2\/comments?post=6505"}],"wp:featuredmedia":[{"embeddable":true,"href":"https:\/\/farmaciadagostino.com.ar\/sitio\/wp-json\/wp\/v2\/media\/2893"}],"wp:attachment":[{"href":"https:\/\/farmaciadagostino.com.ar\/sitio\/wp-json\/wp\/v2\/media?parent=6505"}],"wp:term":[{"taxonomy":"product_brand","embeddable":true,"href":"https:\/\/farmaciadagostino.com.ar\/sitio\/wp-json\/wp\/v2\/product_brand?post=6505"},{"taxonomy":"product_cat","embeddable":true,"href":"https:\/\/farmaciadagostino.com.ar\/sitio\/wp-json\/wp\/v2\/product_cat?post=6505"},{"taxonomy":"product_tag","embeddable":true,"href":"https:\/\/farmaciadagostino.com.ar\/sitio\/wp-json\/wp\/v2\/product_tag?post=6505"}],"curies":[{"name":"wp","href":"https:\/\/api.w.org\/{rel}","templated":true}]}}