{"id":6507,"date":"2024-06-09T13:27:22","date_gmt":"2024-06-09T16:27:22","guid":{"rendered":"https:\/\/farmaciadagostino.com.ar\/sitio\/producto\/la-roche-posay-agua-termal-aerosol-x150ml\/"},"modified":"2026-03-09T10:18:15","modified_gmt":"2026-03-09T13:18:15","slug":"la-roche-posay-agua-termal-aerosol-x150ml","status":"publish","type":"product","link":"https:\/\/farmaciadagostino.com.ar\/sitio\/producto\/la-roche-posay-agua-termal-aerosol-x150ml\/","title":{"rendered":"AGUA TERMAL LA ROCHE X 150 ML"},"content":{"rendered":"<p>1. El primer gesto calmante para uso terap\u00e9utico cotidiano.<br \/>\n2. Calmante.<br \/>\n3. Descongestiva.<br \/>\n4. Antioxidante.<br \/>\nModo Uso.<br \/>\nRociar a unos 20 cm del rostro. Dejar que el spray penetre en la piel durante unos 2-3 minutos.<\/p>\n","protected":false},"excerpt":{"rendered":"<p>El Agua termal prebi\u00f3tica de La Roche-Posay de mayor concentraci\u00f3n de Selenio en el mercado contiene propiedades terap\u00e9uticas para todo tipo de pieles, especialmente, la sensible o irritada.<\/p>\n","protected":false},"featured_media":14022,"comment_status":"open","ping_status":"closed","template":"","meta":[],"product_brand":[],"product_cat":[237,162],"product_tag":[],"class_list":{"0":"post-6507","1":"product","2":"type-product","3":"status-publish","4":"has-post-thumbnail","6":"product_cat-belleza","7":"product_cat-dermocosmetica","9":"first","10":"instock","11":"shipping-taxable","12":"purchasable","13":"product-type-simple"},"_links":{"self":[{"href":"https:\/\/farmaciadagostino.com.ar\/sitio\/wp-json\/wp\/v2\/product\/6507","targetHints":{"allow":["GET"]}}],"collection":[{"href":"https:\/\/farmaciadagostino.com.ar\/sitio\/wp-json\/wp\/v2\/product"}],"about":[{"href":"https:\/\/farmaciadagostino.com.ar\/sitio\/wp-json\/wp\/v2\/types\/product"}],"replies":[{"embeddable":true,"href":"https:\/\/farmaciadagostino.com.ar\/sitio\/wp-json\/wp\/v2\/comments?post=6507"}],"wp:featuredmedia":[{"embeddable":true,"href":"https:\/\/farmaciadagostino.com.ar\/sitio\/wp-json\/wp\/v2\/media\/14022"}],"wp:attachment":[{"href":"https:\/\/farmaciadagostino.com.ar\/sitio\/wp-json\/wp\/v2\/media?parent=6507"}],"wp:term":[{"taxonomy":"product_brand","embeddable":true,"href":"https:\/\/farmaciadagostino.com.ar\/sitio\/wp-json\/wp\/v2\/product_brand?post=6507"},{"taxonomy":"product_cat","embeddable":true,"href":"https:\/\/farmaciadagostino.com.ar\/sitio\/wp-json\/wp\/v2\/product_cat?post=6507"},{"taxonomy":"product_tag","embeddable":true,"href":"https:\/\/farmaciadagostino.com.ar\/sitio\/wp-json\/wp\/v2\/product_tag?post=6507"}],"curies":[{"name":"wp","href":"https:\/\/api.w.org\/{rel}","templated":true}]}}