{"id":6622,"date":"2024-06-09T13:27:48","date_gmt":"2024-06-09T16:27:48","guid":{"rendered":"https:\/\/farmaciadagostino.com.ar\/sitio\/producto\/bagovit-facial-pro-estructura-noche-crema-antiage-biorreparadora-x55-ml\/"},"modified":"2026-03-09T10:18:17","modified_gmt":"2026-03-09T13:18:17","slug":"bagovit-facial-pro-estructura-noche-crema-antiage-biorreparadora-x55-ml","status":"publish","type":"product","link":"https:\/\/farmaciadagostino.com.ar\/sitio\/producto\/bagovit-facial-pro-estructura-noche-crema-antiage-biorreparadora-x55-ml\/","title":{"rendered":"Bagovit Crema Facial Pro Estructura Noche 55 gr"},"content":{"rendered":"<p>Su exclusiva f\u00f3rmula ultra liviana de eficacia comprobada cl\u00ednica y dermatol\u00f3gicamente aten\u00faa los efectos del paso del tiempo en la piel, estimulando las c\u00e9lulas productoras de col\u00e1geno y restableciendo la elasticidad de la piel.<br \/>\nTipo de piel: todo tipo de piel.<\/p>\n","protected":false},"excerpt":{"rendered":"<p>En 4 semanas se alisan y corrigen visiblemente las arrugas. Rasgos descansados, piel firme, tersa y el\u00e1stica.<\/p>\n","protected":false},"featured_media":3294,"comment_status":"open","ping_status":"closed","template":"","meta":[],"product_brand":[],"product_cat":[237,162],"product_tag":[],"class_list":{"0":"post-6622","1":"product","2":"type-product","3":"status-publish","4":"has-post-thumbnail","6":"product_cat-belleza","7":"product_cat-dermocosmetica","9":"first","10":"instock","11":"shipping-taxable","12":"purchasable","13":"product-type-simple"},"_links":{"self":[{"href":"https:\/\/farmaciadagostino.com.ar\/sitio\/wp-json\/wp\/v2\/product\/6622","targetHints":{"allow":["GET"]}}],"collection":[{"href":"https:\/\/farmaciadagostino.com.ar\/sitio\/wp-json\/wp\/v2\/product"}],"about":[{"href":"https:\/\/farmaciadagostino.com.ar\/sitio\/wp-json\/wp\/v2\/types\/product"}],"replies":[{"embeddable":true,"href":"https:\/\/farmaciadagostino.com.ar\/sitio\/wp-json\/wp\/v2\/comments?post=6622"}],"wp:featuredmedia":[{"embeddable":true,"href":"https:\/\/farmaciadagostino.com.ar\/sitio\/wp-json\/wp\/v2\/media\/3294"}],"wp:attachment":[{"href":"https:\/\/farmaciadagostino.com.ar\/sitio\/wp-json\/wp\/v2\/media?parent=6622"}],"wp:term":[{"taxonomy":"product_brand","embeddable":true,"href":"https:\/\/farmaciadagostino.com.ar\/sitio\/wp-json\/wp\/v2\/product_brand?post=6622"},{"taxonomy":"product_cat","embeddable":true,"href":"https:\/\/farmaciadagostino.com.ar\/sitio\/wp-json\/wp\/v2\/product_cat?post=6622"},{"taxonomy":"product_tag","embeddable":true,"href":"https:\/\/farmaciadagostino.com.ar\/sitio\/wp-json\/wp\/v2\/product_tag?post=6622"}],"curies":[{"name":"wp","href":"https:\/\/api.w.org\/{rel}","templated":true}]}}