{"id":6638,"date":"2024-06-09T13:27:52","date_gmt":"2024-06-09T16:27:52","guid":{"rendered":"https:\/\/farmaciadagostino.com.ar\/sitio\/producto\/aveno-jabon-x120-ml\/"},"modified":"2026-03-09T10:18:17","modified_gmt":"2026-03-09T13:18:17","slug":"aveno-jabon-x120-ml","status":"publish","type":"product","link":"https:\/\/farmaciadagostino.com.ar\/sitio\/producto\/aveno-jabon-x120-ml\/","title":{"rendered":"AVENO JAB X 120 GRwwe"},"content":{"rendered":"<p>El jab\u00f3n Aveno calma, limpia y protege hasta las pieles m\u00e1s sensibles. Recomendado para pieles reactivas y deshidratadas. Gracias a sus propiedades otorga suavidad y ayuda a limpiar impurezas. Ayuda a regenerar y mejorar la circulaci\u00f3n de la piel. Recomendado para su utilizaci\u00f3n en la higiene diaria corporal y facial. Puede utilizarse solo o en combinaci\u00f3n con otros tratamientos dermatol\u00f3gicos o cosm\u00e9ticos. Funciona como coadyuvante en casos de acn\u00e9, eccemas, foliculitis y dermatitis.<\/p>\n<h5>Propiedades:<\/h5>\n<p>Con avena sativa &#8211; FSC &#8211; Testeado dermatol\u00f3gicamente &#8211; Testeado oftalmol\u00f3gicamente \u2013 Hipoalerg\u00e9nico.<\/p>\n<p>Sin alcohol &#8211; no testeado en animales &#8211; no contiene parabenos &#8211; sin siliconas c\u00edclicas &#8211; sin fragancias sint\u00e9ticas &#8211; no contiene perfume &#8211; libre de gluten &#8211; sin ftalatos &#8211; sin sulfatos &#8211; sin aceites minerales.<\/p>\n<h5>Modo de Uso:<\/h5>\n<p>Aplicar sobre manos y\/o rostro previamente humedecidos y masajear hasta formar una espuma. Enjuagar con abundante agua tibia.<\/p>\n","protected":false},"excerpt":{"rendered":"<p>El jab\u00f3n Aveno calma, limpia y protege hasta las pieles m\u00e1s sensibles<\/p>\n","protected":false},"featured_media":3644,"comment_status":"open","ping_status":"closed","template":"","meta":[],"product_brand":[],"product_cat":[237,262,152,162,264],"product_tag":[],"class_list":{"0":"post-6638","1":"product","2":"type-product","3":"status-publish","4":"has-post-thumbnail","6":"product_cat-belleza","7":"product_cat-promo","8":"product_cat-cuidado-personal","9":"product_cat-dermocosmetica","10":"product_cat-ofertas","12":"first","13":"instock","14":"sale","15":"shipping-taxable","16":"purchasable","17":"product-type-simple"},"_links":{"self":[{"href":"https:\/\/farmaciadagostino.com.ar\/sitio\/wp-json\/wp\/v2\/product\/6638","targetHints":{"allow":["GET"]}}],"collection":[{"href":"https:\/\/farmaciadagostino.com.ar\/sitio\/wp-json\/wp\/v2\/product"}],"about":[{"href":"https:\/\/farmaciadagostino.com.ar\/sitio\/wp-json\/wp\/v2\/types\/product"}],"replies":[{"embeddable":true,"href":"https:\/\/farmaciadagostino.com.ar\/sitio\/wp-json\/wp\/v2\/comments?post=6638"}],"wp:featuredmedia":[{"embeddable":true,"href":"https:\/\/farmaciadagostino.com.ar\/sitio\/wp-json\/wp\/v2\/media\/3644"}],"wp:attachment":[{"href":"https:\/\/farmaciadagostino.com.ar\/sitio\/wp-json\/wp\/v2\/media?parent=6638"}],"wp:term":[{"taxonomy":"product_brand","embeddable":true,"href":"https:\/\/farmaciadagostino.com.ar\/sitio\/wp-json\/wp\/v2\/product_brand?post=6638"},{"taxonomy":"product_cat","embeddable":true,"href":"https:\/\/farmaciadagostino.com.ar\/sitio\/wp-json\/wp\/v2\/product_cat?post=6638"},{"taxonomy":"product_tag","embeddable":true,"href":"https:\/\/farmaciadagostino.com.ar\/sitio\/wp-json\/wp\/v2\/product_tag?post=6638"}],"curies":[{"name":"wp","href":"https:\/\/api.w.org\/{rel}","templated":true}]}}