{"id":6641,"date":"2024-06-09T13:27:53","date_gmt":"2024-06-09T16:27:53","guid":{"rendered":"https:\/\/farmaciadagostino.com.ar\/sitio\/producto\/aveno-emulsion-x250-ml\/"},"modified":"2026-03-09T10:18:17","modified_gmt":"2026-03-09T13:18:17","slug":"aveno-emulsion-x250-ml","status":"publish","type":"product","link":"https:\/\/farmaciadagostino.com.ar\/sitio\/producto\/aveno-emulsion-x250-ml\/","title":{"rendered":"AVENO EMUL X 250 CC"},"content":{"rendered":"<p>Restaura el pH normal de la piel manteni\u00e9ndolo en 5.5. Debido a su composici\u00f3n a base de avena, ayuda a retener el agua evitando la deshidrataci\u00f3n de la piel y manteni\u00e9ndola protegida de las posibles agresiones externas.<br \/>\nReconstituye la funci\u00f3n barrera de la piel. Es \u00fatil en casos leves de urticaria; quemaduras solares leves; prurito desencadenado por calor y por rash cut\u00e1neo; en caso de picaduras de insectos, enfermedades eruptivas comunes de la infancia; dermatitis at\u00f3pica; dermatitis de contacto irritativas y al\u00e9rgicas. Sin perfume e hipoalerg\u00e9nica.<br \/>\nModo de Uso:<br \/>\nAplicar sobre la piel una cantidad apropiada con suaves masajes. Es recomendable su utilizaci\u00f3n tres o m\u00e1s veces por d\u00eda de acuerdo al tipo de piel.<\/p>\n","protected":false},"excerpt":{"rendered":"<p>Es hidratante, protectora, humectante, emoliente, refrescante y antis\u00e9ptica. Es recomendada para pieles sensibles, favoreciendo la hidrataci\u00f3n diaria de cara y cuerpo.<\/p>\n","protected":false},"featured_media":14406,"comment_status":"open","ping_status":"closed","template":"","meta":[],"product_brand":[],"product_cat":[237,262,152,162,264],"product_tag":[],"class_list":{"0":"post-6641","1":"product","2":"type-product","3":"status-publish","4":"has-post-thumbnail","6":"product_cat-belleza","7":"product_cat-promo","8":"product_cat-cuidado-personal","9":"product_cat-dermocosmetica","10":"product_cat-ofertas","12":"first","13":"instock","14":"sale","15":"shipping-taxable","16":"purchasable","17":"product-type-simple"},"_links":{"self":[{"href":"https:\/\/farmaciadagostino.com.ar\/sitio\/wp-json\/wp\/v2\/product\/6641","targetHints":{"allow":["GET"]}}],"collection":[{"href":"https:\/\/farmaciadagostino.com.ar\/sitio\/wp-json\/wp\/v2\/product"}],"about":[{"href":"https:\/\/farmaciadagostino.com.ar\/sitio\/wp-json\/wp\/v2\/types\/product"}],"replies":[{"embeddable":true,"href":"https:\/\/farmaciadagostino.com.ar\/sitio\/wp-json\/wp\/v2\/comments?post=6641"}],"wp:featuredmedia":[{"embeddable":true,"href":"https:\/\/farmaciadagostino.com.ar\/sitio\/wp-json\/wp\/v2\/media\/14406"}],"wp:attachment":[{"href":"https:\/\/farmaciadagostino.com.ar\/sitio\/wp-json\/wp\/v2\/media?parent=6641"}],"wp:term":[{"taxonomy":"product_brand","embeddable":true,"href":"https:\/\/farmaciadagostino.com.ar\/sitio\/wp-json\/wp\/v2\/product_brand?post=6641"},{"taxonomy":"product_cat","embeddable":true,"href":"https:\/\/farmaciadagostino.com.ar\/sitio\/wp-json\/wp\/v2\/product_cat?post=6641"},{"taxonomy":"product_tag","embeddable":true,"href":"https:\/\/farmaciadagostino.com.ar\/sitio\/wp-json\/wp\/v2\/product_tag?post=6641"}],"curies":[{"name":"wp","href":"https:\/\/api.w.org\/{rel}","templated":true}]}}