{"id":6665,"date":"2024-06-09T13:27:55","date_gmt":"2024-06-09T16:27:55","guid":{"rendered":"https:\/\/farmaciadagostino.com.ar\/sitio\/producto\/petit-enfant-oleo-calcareo-0-a-1-x240-ml\/"},"modified":"2026-03-09T10:18:17","modified_gmt":"2026-03-09T13:18:17","slug":"petit-enfant-oleo-calcareo-0-a-1-x240-ml","status":"publish","type":"product","link":"https:\/\/farmaciadagostino.com.ar\/sitio\/producto\/petit-enfant-oleo-calcareo-0-a-1-x240-ml\/","title":{"rendered":"PETIT ENFANT \u00d3LEO CALC\u00c1REO 0 A 1 x240 ml"},"content":{"rendered":"<p>Para Pieles Sensibles.<br \/>\nPH NEUTRO.<br \/>\nHipoalerg\u00e9nico<\/p>\n","protected":false},"excerpt":{"rendered":"<p>Emulsi\u00f3n limpiadora a base de \u00d3leo Calc\u00e1reo, con aceite de palta y ceramidas.<\/p>\n","protected":false},"featured_media":3615,"comment_status":"open","ping_status":"closed","template":"","meta":[],"product_brand":[],"product_cat":[177,266],"product_tag":[],"class_list":{"0":"post-6665","1":"product","2":"type-product","3":"status-publish","4":"has-post-thumbnail","6":"product_cat-bebe-maternidad","7":"product_cat-infancias","9":"first","10":"instock","11":"shipping-taxable","12":"purchasable","13":"product-type-simple"},"_links":{"self":[{"href":"https:\/\/farmaciadagostino.com.ar\/sitio\/wp-json\/wp\/v2\/product\/6665","targetHints":{"allow":["GET"]}}],"collection":[{"href":"https:\/\/farmaciadagostino.com.ar\/sitio\/wp-json\/wp\/v2\/product"}],"about":[{"href":"https:\/\/farmaciadagostino.com.ar\/sitio\/wp-json\/wp\/v2\/types\/product"}],"replies":[{"embeddable":true,"href":"https:\/\/farmaciadagostino.com.ar\/sitio\/wp-json\/wp\/v2\/comments?post=6665"}],"wp:featuredmedia":[{"embeddable":true,"href":"https:\/\/farmaciadagostino.com.ar\/sitio\/wp-json\/wp\/v2\/media\/3615"}],"wp:attachment":[{"href":"https:\/\/farmaciadagostino.com.ar\/sitio\/wp-json\/wp\/v2\/media?parent=6665"}],"wp:term":[{"taxonomy":"product_brand","embeddable":true,"href":"https:\/\/farmaciadagostino.com.ar\/sitio\/wp-json\/wp\/v2\/product_brand?post=6665"},{"taxonomy":"product_cat","embeddable":true,"href":"https:\/\/farmaciadagostino.com.ar\/sitio\/wp-json\/wp\/v2\/product_cat?post=6665"},{"taxonomy":"product_tag","embeddable":true,"href":"https:\/\/farmaciadagostino.com.ar\/sitio\/wp-json\/wp\/v2\/product_tag?post=6665"}],"curies":[{"name":"wp","href":"https:\/\/api.w.org\/{rel}","templated":true}]}}