{"id":6668,"date":"2024-06-09T13:27:56","date_gmt":"2024-06-09T16:27:56","guid":{"rendered":"https:\/\/farmaciadagostino.com.ar\/sitio\/producto\/sensodyne-pasta-dental-blanqueador-extra-fresh-x90-gr\/"},"modified":"2026-03-09T10:18:18","modified_gmt":"2026-03-09T13:18:18","slug":"sensodyne-pasta-dental-blanqueador-extra-fresh-x90-gr","status":"publish","type":"product","link":"https:\/\/farmaciadagostino.com.ar\/sitio\/producto\/sensodyne-pasta-dental-blanqueador-extra-fresh-x90-gr\/","title":{"rendered":"Sensodyne Crema Dental Blanqueador Extra Fresh Para Dientes Sensibles 90 gr"},"content":{"rendered":"<p>Sensodyne Blanqueador Extra Fresh es una pasta dental especialmente formulada para el alivio de la sensibilidad dental. Su acci\u00f3n blanqueadora ayuda a remover manchas y ofrece protecci\u00f3n 24 horas contra la sensibilidad, los 7 d\u00edas de la semana con el cepillado diario, 2 veces al d\u00eda.<\/p>\n<h5>Beneficios:<\/h5>\n<p>Acci\u00f3n blanqueadora desarrollada para dientes sensibles. Ayuda a quitar las manchas para logar dientes m\u00e1s blancos. Ofrece protecci\u00f3n duradera contra la sensibilidad. Refresca el aliento. Ofrece todos los beneficios de una pasta dental regular.<\/p>\n<h5>Modo de uso:<\/h5>\n<p>Con el cepillado diario, 2 veces al d\u00eda.<\/p>\n","protected":false},"excerpt":{"rendered":"<p>Sensodyne Blanqueador Extra Fresh es una pasta dental especialmente formulada para el alivio de la sensibilidad dental<\/p>\n","protected":false},"featured_media":4461,"comment_status":"open","ping_status":"closed","template":"","meta":[],"product_brand":[],"product_cat":[152],"product_tag":[],"class_list":{"0":"post-6668","1":"product","2":"type-product","3":"status-publish","4":"has-post-thumbnail","6":"product_cat-cuidado-personal","8":"first","9":"instock","10":"shipping-taxable","11":"purchasable","12":"product-type-simple"},"_links":{"self":[{"href":"https:\/\/farmaciadagostino.com.ar\/sitio\/wp-json\/wp\/v2\/product\/6668","targetHints":{"allow":["GET"]}}],"collection":[{"href":"https:\/\/farmaciadagostino.com.ar\/sitio\/wp-json\/wp\/v2\/product"}],"about":[{"href":"https:\/\/farmaciadagostino.com.ar\/sitio\/wp-json\/wp\/v2\/types\/product"}],"replies":[{"embeddable":true,"href":"https:\/\/farmaciadagostino.com.ar\/sitio\/wp-json\/wp\/v2\/comments?post=6668"}],"wp:featuredmedia":[{"embeddable":true,"href":"https:\/\/farmaciadagostino.com.ar\/sitio\/wp-json\/wp\/v2\/media\/4461"}],"wp:attachment":[{"href":"https:\/\/farmaciadagostino.com.ar\/sitio\/wp-json\/wp\/v2\/media?parent=6668"}],"wp:term":[{"taxonomy":"product_brand","embeddable":true,"href":"https:\/\/farmaciadagostino.com.ar\/sitio\/wp-json\/wp\/v2\/product_brand?post=6668"},{"taxonomy":"product_cat","embeddable":true,"href":"https:\/\/farmaciadagostino.com.ar\/sitio\/wp-json\/wp\/v2\/product_cat?post=6668"},{"taxonomy":"product_tag","embeddable":true,"href":"https:\/\/farmaciadagostino.com.ar\/sitio\/wp-json\/wp\/v2\/product_tag?post=6668"}],"curies":[{"name":"wp","href":"https:\/\/api.w.org\/{rel}","templated":true}]}}